{"id":2804,"date":"2023-01-27T13:16:40","date_gmt":"2023-01-27T13:16:40","guid":{"rendered":"https:\/\/resilientpreschools.eu\/outputs\/"},"modified":"2023-01-27T13:45:18","modified_gmt":"2023-01-27T13:45:18","slug":"outputs","status":"publish","type":"page","link":"https:\/\/resilientpreschools.eu\/cs\/outputs\/","title":{"rendered":"V\u00fdstupy"},"content":{"rendered":"<h1>V\u00ddSTUPY<\/h1>\n<ul>\n<li>\n<h3> IO1: P\u0159\u00edru\u010dka pro p\u0159ed\u0161koln\u00ed u\u010ditelky*e zam\u011b\u0159en\u00e1 na p\u011bstov\u00e1n\u00ed odolnosti a siln\u00fdch charakterov\u00fdch str\u00e1nek u d\u011bt\u00ed.<\/h3>\n<div>\n<p>P\u0159\u00edru\u010dka projektu RESILIENT PRESCHOOL  obsahuje u\u017eite\u010dn\u00e9 informace a praktick\u00e9 rady pro p\u0159ed\u0161koln\u00ed u\u010ditelky*e s c\u00edlem nau\u010dit d\u011bti, jak pos\u00edlit jejich psychickou odolnost a zlep\u0161it jejich celkov\u00fd pocit pohody. P\u0159\u00edru\u010dka vych\u00e1z\u00ed z anal\u00fdzy pot\u0159eb a nab\u00edz\u00ed variace koncept\u016f pozitivn\u00ed psychologie a modelu PERMA, speci\u00e1ln\u011b p\u0159izp\u016fsoben\u00e9 pro p\u0159ed\u0161koln\u00ed d\u011bti. Obsahuje kapitolu pro ka\u017ed\u00fd z 5 z\u00e1kladn\u00edch PERMA pil\u00ed\u0159\u016f pohody a \u0161t\u011bst\u00ed (P) Pozitivn\u00ed emoce, (E) Zapojen\u00ed, (R) Vztahy, (M) V\u00fdznam, (A) \u00dasp\u011bch.\n<\/p>\n<p><strong>P\u0159\u00edru\u010dka obsahuje:<br \/>\n<\/strong><\/p>\n<ul>\n<li>Praktick\u00e9 tipy\n<\/li>\n<li>Shrnut\u00ed kl\u00ed\u010dov\u00fdch pojm\u016f\n<\/li>\n<li>V\u00fdukov\u00e9ho pr\u016fvodce a podporu<\/li>\n<li>Materi\u00e1l zab\u00fdvaj\u00edc\u00ed se pohodou a odolnost\u00ed ve vzd\u011bl\u00e1v\u00e1n\u00ed<\/li>\n<\/ul>\n<p><a class=\"uk-button uk-button-secondary\" href=\"https:\/\/resilientpreschools.eu\/wp-content\/uploads\/2021\/08\/RESILIENT-PRESCHOOLS_TOOLKIT_CZECH.docx.pdf\" target=\"_blank\">IO1.A2.3 P\u0159\u00edru\u010dka<\/a><\/div>\n<\/li>\n<li>\n<h3>IO2: \u0160kolen\u00ed pro pos\u00edlen\u00ed dovednost\u00ed u\u010ditelek*\u016f p\u0159ed\u0161koln\u00edho vzd\u011bl\u00e1v\u00e1n\u00ed v oblasti zvy\u0161ov\u00e1n\u00ed odolnosti a pohody u d\u011bt\u00ed.<\/h3>\n<div>\n<p>Atraktivn\u00ed \u0161kolen\u00ed, kter\u00e9 vybav\u00ed z\u00fa\u010dastn\u011bn\u00e9 u\u010ditelky*e d\u011bt\u00ed<br \/>\np\u0159ed\u0161koln\u00edho v\u011bku dovednostmi, strategiemi a technikami,<br \/>\nkter\u00e9 vych\u00e1zej\u00ed z modelu PERMA zalo\u017een\u00e9ho na modelu<br \/>\ndu\u0161evn\u00ed pohody a rozv\u00edjen\u00ed siln\u00fdch str\u00e1nek osobnosti, kter\u00e9<br \/>\nbudou d\u011btem pom\u00e1hat ke zv\u00fd\u0161en\u00ed celkov\u00e9 pohody a<br \/>\npozitivn\u011bj\u0161\u00ed p\u0159ed\u0161koln\u00ed zku\u0161enosti.<\/p>\n<p>\u0160kolen\u00ed bude rozd\u011bleno do 5 z\u00e1kladn\u00edch modul\u016f:<\/p>\n<ol>\n<li>Odolnost a v\u0161\u00edmavost (seberegulace, ment\u00e1ln\u00ed<br \/>\nobratnost)<\/li>\n<li>Siln\u00e9 str\u00e1nky osobnosti a hodnoty<\/li>\n<li>Pozitivn\u00ed emoce (nap\u0159. vd\u011b\u010dnost, optimismus)<\/li>\n<li>Pozitivn\u00ed vztahy (nap\u0159. laskavost, empatie)<\/li>\n<li>\u00dasp\u011bch a sebev\u011bdom\u00ed<\/li>\n<\/ol>\n<p>Sou\u010d\u00e1st\u00ed obsahu bude 50 snadno provediteln\u00fdch cvi\u010den\u00ed a<br \/>\nzdroj\u016f p\u0159izp\u016fsoben\u00fdch p\u0159ed\u0161koln\u00edmu prost\u0159ed\u00ed, jejich\u017e<br \/>\nc\u00edlem je zlep\u0161it v\u00fd\u0161e uveden\u00e9 vlastnosti a dovednosti u d\u011bt\u00ed.<br \/>\n\u0160kolen\u00ed nab\u00eddne \u0159adu strategi\u00ed a zdroj\u016f, kter\u00e9 mohou b\u00fdt<br \/>\nu\u017eite\u010dn\u00e9 pro osoby s r\u016fzn\u00fdmi pot\u0159ebami.<\/p>\n<p><a class=\"uk-button uk-button-secondary\" href=\"https:\/\/resilientpreschools.eu\/wp-content\/uploads\/2023\/01\/CZ_MODULE1_-IO2_A.2.2.-CJ_ResilientPreschools_Teacher_s_Guide_Final_CZ.pdf\" target=\"_blank\">V\u00fdukov\u00fd pr\u016fvodce pro u\u010ditele a u\u010ditelky v p\u0159ed\u0161koln\u00edm vzd\u011bl\u00e1v\u00e1n\u00ed: Aktivity<\/a><\/div>\n<\/li>\n<li>\n<h3>IO3: Online vzd\u011bl\u00e1vac\u00ed prostor (e-learning), kde budou zdarma k dispozici vzd\u011bl\u00e1vac\u00ed materi\u00e1ly.<\/h3>\n<div>\n<p>Tento v\u00fdstup bude zahrnovat tvorbu e-learningov\u00e9ho prostoru,<br \/>\nkter\u00fd bude slou\u017eit jako jednotn\u00e9 kontaktn\u00ed m\u00edsto poskytuj\u00edc\u00ed<br \/>\nokam\u017eit\u00fd p\u0159\u00edstup k cel\u00e9 sad\u011b gamifikovan\u00fdch digit\u00e1ln\u00edch<br \/>\nvzd\u011bl\u00e1vac\u00edch zdroj\u016f, jako jsou online moduly, p\u0159\u00edru\u010dka,<br \/>\npodklady pro \u0161kolen\u00ed, podcasty a dal\u0161\u00ed vybran\u00e9 zdroje z<br \/>\np\u0159edchoz\u00edch v\u00fdstup\u016f, a to zcela zdarma.<\/p>\n<p>Budou vyvinuty distan\u010dn\u00ed v\u00fdukov\u00e9 moduly a dal\u0161\u00ed voln\u011b<br \/>\ndostupn\u00e9 zdroje pro p\u0159ed\u0161koln\u00ed pedago\u017eky*gy a dal\u0161\u00ed<br \/>\nodborn\u00edky na p\u0159ed\u0161koln\u00ed vzd\u011bl\u00e1v\u00e1n\u00ed. \u0160kolen\u00ed a workshopy<br \/>\nbudou b\u011bhem implementa\u010dn\u00ed f\u00e1ze nab\u00edzeny formou<br \/>\nkombinovan\u00e9ho vzd\u011bl\u00e1v\u00e1n\u00ed. Jednotliv\u00e9 zdroje budou vyu\u017e\u00edvat<br \/>\ne-learningu a form\u00e1tu pro distan\u010dn\u00ed kombinovanou v\u00fduku, aby<br \/>\nmohly b\u00fdt implementov\u00e1ny ve v\u0161ech partnersk\u00fdch zem\u00edch a<br \/>\nEU.<\/p>\n<p>Inovace \u2013 V\u0161echny dostupn\u00e9 n\u00e1stroje budou pln\u011b kompatibiln\u00ed<br \/>\ns webem 2.0 a budou vyu\u017e\u00edvat funkc\u00ed soci\u00e1ln\u00edch m\u00e9di\u00ed, kter\u00e9<br \/>\njsou nyn\u00ed podstatnou sou\u010d\u00e1st\u00ed online u\u010den\u00ed. Form\u00e1t<br \/>\ngamifikovan\u00fdch digit\u00e1ln\u00edch vzd\u011bl\u00e1vac\u00edch zdroj\u016f podpo\u0159\u00ed<br \/>\ndostupnost u\u010dit se kdykoli a jakkoli, co\u017e p\u0159edstavuje<br \/>\nv\u00fdznamnou inovaci v oblasti \u0161koln\u00edho vzd\u011bl\u00e1v\u00e1n\u00ed.<\/p>\n<\/div>\n<\/li>\n<\/ul>\n<p><!--more--><br \/>\n<!-- {\"type\":\"layout\",\"children\":[{\"type\":\"section\",\"props\":{\"class\":\"display1100\",\"css\":\".el-section{background-color:#FCEFD9;}\",\"image_position\":\"center-center\",\"style\":\"default\",\"title_breakpoint\":\"xl\",\"title_position\":\"top-left\",\"title_rotation\":\"left\",\"vertical_align\":\"middle\",\"width\":\"default\"},\"children\":[{\"type\":\"row\",\"children\":[{\"type\":\"column\",\"props\":{\"image_position\":\"center-center\",\"media_overlay_gradient\":\"\",\"position_sticky_breakpoint\":\"m\"},\"children\":[{\"type\":\"headline\",\"props\":{\"class\":\"font-jet extra-bold\",\"content\":\"V\\u00ddSTUPY\",\"css\":\".el-element{letter-spacing:0 !important;}\",\"title_element\":\"h1\",\"title_style\":\"h3\"},\"modified\":\"2021-03-22T06:14:31.958Z\",\"name\":\"headers\"},{\"type\":\"switcher\",\"props\":{\"content_column_breakpoint\":\"m\",\"css\":\"@media only screen and (min-width:769px) {.el-nav li {transition:all .5s ease-in; width:30.6%;color:#000 !important;background-color:#EFEFF0;padding-top:10px;padding-bottom:10px;border-bottom:0px solid !important;border-color:transparent !important;}\\n\\n.uk-tab > li > a {\\n    color: #2d2e33;\\n    border-color: transparent;\\n}\\n\\n.el-nav li:nth-child(1){margin-left:18px;}\\n\\n.el-nav li:nth-child(2) {margin-left:10px;margin-right:10px;}\\n.el-nav{margin-bottom:0px;}\\n\\n.el-nav .uk-active, .el-nav li:hover{background-color:#FFD469;}\\n\\n.el-content{background-color:#fff;padding:20px;}\\n\\n}\\n@media only screen and (max-width:768px){\\n.uk-tab > * > a{font-family: Roboto;font-weight: bold;text-transform:inherit;font-size: 12px;}\\n    .el-nav .uk-active{background-color:#FFD469}\\n    .uk-tab {display:block !important;}\\n}\\n\\n.uk-tab > * > a {text-transform:inherit;font-size:15px;}\",\"image_align\":\"top\",\"image_grid_breakpoint\":\"m\",\"image_grid_width\":\"1-2\",\"image_svg_color\":\"emphasis\",\"link_style\":\"default\",\"link_text\":\"Read more\",\"margin\":\"default\",\"meta_align\":\"below-title\",\"meta_element\":\"div\",\"meta_style\":\"text-meta\",\"nav\":\"tab\",\"nav_align\":\"left\",\"nav_grid_breakpoint\":\"m\",\"nav_grid_width\":\"auto\",\"nav_position\":\"top\",\"show_content\":true,\"show_image\":true,\"show_label\":true,\"show_link\":true,\"show_meta\":true,\"show_thumbnail\":true,\"show_title\":false,\"switcher_animation\":\"fade\",\"switcher_height\":true,\"thumbnav_height\":\"75\",\"thumbnav_svg_color\":\"emphasis\",\"thumbnav_width\":\"100\",\"title_align\":\"top\",\"title_element\":\"h3\",\"title_grid_breakpoint\":\"m\",\"title_grid_width\":\"1-2\"},\"children\":[{\"type\":\"switcher_item\",\"props\":{\"content\":\"\n\n<p>P\\u0159\\u00edru\\u010dka projektu RESILIENT PRESCHOOL  obsahuje u\\u017eite\\u010dn\\u00e9 informace a praktick\\u00e9 rady pro p\\u0159ed\\u0161koln\\u00ed u\\u010ditelky*e s c\\u00edlem nau\\u010dit d\\u011bti, jak pos\\u00edlit jejich psychickou odolnost a zlep\\u0161it jejich celkov\\u00fd pocit pohody. P\\u0159\\u00edru\\u010dka vych\\u00e1z\\u00ed z anal\\u00fdzy pot\\u0159eb a nab\\u00edz\\u00ed variace koncept\\u016f pozitivn\\u00ed psychologie a modelu PERMA, speci\\u00e1ln\\u011b p\\u0159izp\\u016fsoben\\u00e9 pro p\\u0159ed\\u0161koln\\u00ed d\\u011bti. Obsahuje kapitolu pro ka\\u017ed\\u00fd z 5 z\\u00e1kladn\\u00edch PERMA pil\\u00ed\\u0159\\u016f pohody a \\u0161t\\u011bst\\u00ed (P) Pozitivn\\u00ed emoce, (E) Zapojen\\u00ed, (R) Vztahy, (M) V\\u00fdznam, (A) \\u00dasp\\u011bch.\\n<\\\/p>\\n\n\n<p><strong>P\\u0159\\u00edru\\u010dka obsahuje:\\n<\\\/strong><\\\/p>\\n\n\n<ul>\\n\n\n<li>Praktick\\u00e9 tipy\\n<\\\/li>\\n\n\n<li>Shrnut\\u00ed kl\\u00ed\\u010dov\\u00fdch pojm\\u016f\\n<\\\/li>\\n\\n\n\n<li>V\\u00fdukov\\u00e9ho pr\\u016fvodce a podporu<\\\/li>\\n\n\n<li>Materi\\u00e1l zab\\u00fdvaj\\u00edc\\u00ed se pohodou a odolnost\\u00ed ve vzd\\u011bl\\u00e1v\\u00e1n\\u00ed<\\\/li>\\n<\\\/ul>\\n\\n<a class=\\\"uk-button uk-button-secondary\\\" href=\\\"https:\\\/\\\/resilientpreschools.eu\\\/wp-content\\\/uploads\\\/2021\\\/08\\\/RESILIENT-PRESCHOOLS_TOOLKIT_CZECH.docx.pdf\\\" target=\\\"_blank\\\">IO1.A2.3 P\\u0159\\u00edru\\u010dka<\\\/a>\",\"title\":\" IO1: P\\u0159\\u00edru\\u010dka pro p\\u0159ed\\u0161koln\\u00ed u\\u010ditelky*e zam\\u011b\\u0159en\\u00e1 na p\\u011bstov\\u00e1n\\u00ed odolnosti a siln\\u00fdch charakterov\\u00fdch str\\u00e1nek u d\\u011bt\\u00ed.\"}},{\"type\":\"switcher_item\",\"props\":{\"content\":\"\\n\n\n<p>Atraktivn\\u00ed \\u0161kolen\\u00ed, kter\\u00e9 vybav\\u00ed z\\u00fa\\u010dastn\\u011bn\\u00e9 u\\u010ditelky*e d\\u011bt\\u00ed\\np\\u0159ed\\u0161koln\\u00edho v\\u011bku dovednostmi, strategiemi a technikami,\\nkter\\u00e9 vych\\u00e1zej\\u00ed z modelu PERMA zalo\\u017een\\u00e9ho na modelu\\ndu\\u0161evn\\u00ed pohody a rozv\\u00edjen\\u00ed siln\\u00fdch str\\u00e1nek osobnosti, kter\\u00e9\\nbudou d\\u011btem pom\\u00e1hat ke zv\\u00fd\\u0161en\\u00ed celkov\\u00e9 pohody a\\npozitivn\\u011bj\\u0161\\u00ed p\\u0159ed\\u0161koln\\u00ed zku\\u0161enosti.<\\\/p>\\n\\n\n\n<p>\\u0160kolen\\u00ed bude rozd\\u011bleno do 5 z\\u00e1kladn\\u00edch modul\\u016f:<\\\/p>\\n\n\n<ol>\\n\n\n<li>Odolnost a v\\u0161\\u00edmavost (seberegulace, ment\\u00e1ln\\u00ed\\nobratnost)<\\\/li>\\n\n\n<li>Siln\\u00e9 str\\u00e1nky osobnosti a hodnoty<\\\/li>\\n\n\n<li>Pozitivn\\u00ed emoce (nap\\u0159. vd\\u011b\\u010dnost, optimismus)<\\\/li>\\n\n\n<li>Pozitivn\\u00ed vztahy (nap\\u0159. laskavost, empatie)<\\\/li>\\n\n\n<li>\\u00dasp\\u011bch a sebev\\u011bdom\\u00ed<\\\/li>\\n<\\\/ol>\\n\\n\n\n<p>Sou\\u010d\\u00e1st\\u00ed obsahu bude 50 snadno provediteln\\u00fdch cvi\\u010den\\u00ed a\\nzdroj\\u016f p\\u0159izp\\u016fsoben\\u00fdch p\\u0159ed\\u0161koln\\u00edmu prost\\u0159ed\\u00ed, jejich\\u017e\\nc\\u00edlem je zlep\\u0161it v\\u00fd\\u0161e uveden\\u00e9 vlastnosti a dovednosti u d\\u011bt\\u00ed.\\n\\u0160kolen\\u00ed nab\\u00eddne \\u0159adu strategi\\u00ed a zdroj\\u016f, kter\\u00e9 mohou b\\u00fdt\\nu\\u017eite\\u010dn\\u00e9 pro osoby s r\\u016fzn\\u00fdmi pot\\u0159ebami.<\\\/p>\\n<a class=\\\"uk-button uk-button-secondary\\\" href=\\\"https:\\\/\\\/resilientpreschools.eu\\\/wp-content\\\/uploads\\\/2023\\\/01\\\/CZ_MODULE1_-IO2_A.2.2.-CJ_ResilientPreschools_Teacher_s_Guide_Final_CZ.pdf\\\" target=\\\"_blank\\\">V\\u00fdukov\\u00fd pr\\u016fvodce pro u\\u010ditele a u\\u010ditelky v p\\u0159ed\\u0161koln\\u00edm vzd\\u011bl\\u00e1v\\u00e1n\\u00ed: Aktivity<\\\/a>\",\"title\":\"IO2: \\u0160kolen\\u00ed pro pos\\u00edlen\\u00ed dovednost\\u00ed u\\u010ditelek*\\u016f p\\u0159ed\\u0161koln\\u00edho vzd\\u011bl\\u00e1v\\u00e1n\\u00ed v oblasti zvy\\u0161ov\\u00e1n\\u00ed odolnosti a pohody u d\\u011bt\\u00ed.\"}},{\"type\":\"switcher_item\",\"props\":{\"content\":\"\n\n<p>Tento v\\u00fdstup bude zahrnovat tvorbu e-learningov\\u00e9ho prostoru,\\nkter\\u00fd bude slou\\u017eit jako jednotn\\u00e9 kontaktn\\u00ed m\\u00edsto poskytuj\\u00edc\\u00ed\\nokam\\u017eit\\u00fd p\\u0159\\u00edstup k cel\\u00e9 sad\\u011b gamifikovan\\u00fdch digit\\u00e1ln\\u00edch\\nvzd\\u011bl\\u00e1vac\\u00edch zdroj\\u016f, jako jsou online moduly, p\\u0159\\u00edru\\u010dka,\\npodklady pro \\u0161kolen\\u00ed, podcasty a dal\\u0161\\u00ed vybran\\u00e9 zdroje z\\np\\u0159edchoz\\u00edch v\\u00fdstup\\u016f, a to zcela zdarma.<\\\/p>\\n\n\n<p>Budou vyvinuty distan\\u010dn\\u00ed v\\u00fdukov\\u00e9 moduly a dal\\u0161\\u00ed voln\\u011b\\ndostupn\\u00e9 zdroje pro p\\u0159ed\\u0161koln\\u00ed pedago\\u017eky*gy a dal\\u0161\\u00ed\\nodborn\\u00edky na p\\u0159ed\\u0161koln\\u00ed vzd\\u011bl\\u00e1v\\u00e1n\\u00ed. \\u0160kolen\\u00ed a workshopy\\nbudou b\\u011bhem implementa\\u010dn\\u00ed f\\u00e1ze nab\\u00edzeny formou\\nkombinovan\\u00e9ho vzd\\u011bl\\u00e1v\\u00e1n\\u00ed. Jednotliv\\u00e9 zdroje budou vyu\\u017e\\u00edvat\\ne-learningu a form\\u00e1tu pro distan\\u010dn\\u00ed kombinovanou v\\u00fduku, aby\\nmohly b\\u00fdt implementov\\u00e1ny ve v\\u0161ech partnersk\\u00fdch zem\\u00edch a\\nEU.<\\\/p>\\n\n\n<p>Inovace \\u2013 V\\u0161echny dostupn\\u00e9 n\\u00e1stroje budou pln\\u011b kompatibiln\\u00ed\\ns webem 2.0 a budou vyu\\u017e\\u00edvat funkc\\u00ed soci\\u00e1ln\\u00edch m\\u00e9di\\u00ed, kter\\u00e9\\njsou nyn\\u00ed podstatnou sou\\u010d\\u00e1st\\u00ed online u\\u010den\\u00ed. Form\\u00e1t\\ngamifikovan\\u00fdch digit\\u00e1ln\\u00edch vzd\\u011bl\\u00e1vac\\u00edch zdroj\\u016f podpo\\u0159\\u00ed\\ndostupnost u\\u010dit se kdykoli a jakkoli, co\\u017e p\\u0159edstavuje\\nv\\u00fdznamnou inovaci v oblasti \\u0161koln\\u00edho vzd\\u011bl\\u00e1v\\u00e1n\\u00ed.<\\\/p>\",\"title\":\"IO3: Online vzd\\u011bl\\u00e1vac\\u00ed prostor (e-learning), kde budou zdarma k dispozici vzd\\u011bl\\u00e1vac\\u00ed materi\\u00e1ly.\"}}]}]}]}],\"name\":\"outputs cz\"}],\"version\":\"3.0.14\"} --><\/p>\n","protected":false},"excerpt":{"rendered":"<p>V\u00ddSTUPY IO1: P\u0159\u00edru\u010dka pro p\u0159ed\u0161koln\u00ed u\u010ditelky*e zam\u011b\u0159en\u00e1 na p\u011bstov\u00e1n\u00ed odolnosti a siln\u00fdch charakterov\u00fdch str\u00e1nek u d\u011bt\u00ed. P\u0159\u00edru\u010dka projektu RESILIENT PRESCHOOL obsahuje u\u017eite\u010dn\u00e9 informace a praktick\u00e9..<\/p>\n","protected":false},"author":4,"featured_media":0,"parent":0,"menu_order":0,"comment_status":"closed","ping_status":"closed","template":"","meta":{"_acf_changed":false,"footnotes":""},"class_list":["post-2804","page","type-page","status-publish","hentry"],"acf":[],"_links":{"self":[{"href":"https:\/\/resilientpreschools.eu\/cs\/wp-json\/wp\/v2\/pages\/2804","targetHints":{"allow":["GET"]}}],"collection":[{"href":"https:\/\/resilientpreschools.eu\/cs\/wp-json\/wp\/v2\/pages"}],"about":[{"href":"https:\/\/resilientpreschools.eu\/cs\/wp-json\/wp\/v2\/types\/page"}],"author":[{"embeddable":true,"href":"https:\/\/resilientpreschools.eu\/cs\/wp-json\/wp\/v2\/users\/4"}],"replies":[{"embeddable":true,"href":"https:\/\/resilientpreschools.eu\/cs\/wp-json\/wp\/v2\/comments?post=2804"}],"version-history":[{"count":3,"href":"https:\/\/resilientpreschools.eu\/cs\/wp-json\/wp\/v2\/pages\/2804\/revisions"}],"predecessor-version":[{"id":2836,"href":"https:\/\/resilientpreschools.eu\/cs\/wp-json\/wp\/v2\/pages\/2804\/revisions\/2836"}],"wp:attachment":[{"href":"https:\/\/resilientpreschools.eu\/cs\/wp-json\/wp\/v2\/media?parent=2804"}],"curies":[{"name":"wp","href":"https:\/\/api.w.org\/{rel}","templated":true}]}}