{"id":2806,"date":"2023-01-27T13:16:40","date_gmt":"2023-01-27T13:16:40","guid":{"rendered":"https:\/\/resilientpreschools.eu\/outputs\/"},"modified":"2023-01-27T13:45:09","modified_gmt":"2023-01-27T13:45:09","slug":"outputs","status":"publish","type":"page","link":"https:\/\/resilientpreschools.eu\/pt-pt\/outputs\/","title":{"rendered":"Outputs"},"content":{"rendered":"<h1>OUTPUTS<\/h1>\n<ul>\n<li>\n<h3>IO1 Toolkit para educadores de educa\u00e7\u00e3o pr\u00e9-escolar apoiarem o desenvolvimento de crian\u00e7as mais resilientes.<\/h3>\n<div>\n<p>O toolkit RESILIENT PRESCHOOLS inclui informa\u00e7\u00e3o e pr\u00e1ticas para os educadores de educa\u00e7\u00e3o pr\u00e9-escolar implementarem em aula com as crian\u00e7as e promoverem o desenvolvimento de crian\u00e7as mais resilientes. Este recurso pretende dar a conhecer conceitos de Psicologia Positiva e do modelo PERMA, sendo especificamente desenhado para a educa\u00e7\u00e3o pr\u00e9-escolar. Assim, os cinco pilares do modelo PERMA ser\u00e3o explorados neste recurso, nomeadamente as Emo\u00e7\u00f5es Positivas (Positive Emotions), o Envolvimento (Engagement), os Relacionamentos (Relationships), o Sentido (Meaning) e a Realiza\u00e7\u00e3o (Accomplishment).<\/p>\n<p><strong>Cada pilar deste modelo, inclui:<\/strong><\/p>\n<ul>\n<li>Conceitos-chave<\/li>\n<li>Dicas pr\u00e1ticas\n<\/li>\n<li>Orienta\u00e7\u00f5es adicionais para a pr\u00e1tica educativa<\/li>\n<li>Recursos adicionais dedicados ao bem-estar e resili\u00eancia na educa\u00e7\u00e3o pr\u00e9-escolar\n<\/li>\n<\/ul>\n<p><a class=\"uk-button uk-button-secondary\" href=\"https:\/\/resilientpreschools.eu\/wp-content\/uploads\/2021\/08\/RESILIENT-PRESCHOOLS_Toolkit_PT.pdf\" target=\"_blank\">IO1.A2.3 Toolkit<\/a><\/div>\n<\/li>\n<li>\n<h3>IO2: Programa de forma\u00e7\u00e3o para apoiar os educadores de educa\u00e7\u00e3o pr\u00e9-escolar no desenvolvimento da resili\u00eancia e do bem-estar.<\/h3>\n<div>\n<ol>\n<p>Este programa de forma\u00e7\u00e3o ser\u00e1 disponibilizado para capacitar educadores de educa\u00e7\u00e3o pr\u00e9-escolar com estas compet\u00eancias, atrav\u00e9s de estrat\u00e9gias e t\u00e9cnicas.<br \/>\nO modelo PERMA, bem como as teorias inerentes, visam melhorar o bem-estar das crian\u00e7as e a sua experi\u00eancia em contexto escolar.<\/p>\n<p>Assim, este programa incluir\u00e1 5 m\u00f3dulos principais:\n<\/p>\n<ol>\n<li>Resili\u00eancia e mindfulness (autorregula\u00e7\u00e3o, destreza mental);\n<\/li>\n<li>For\u00e7a de car\u00e1cter e valores;\n<\/li>\n<li>Emo\u00e7\u00f5es positivas (como a gratid\u00e3o, o otimismo);<\/li>\n<li>Rela\u00e7\u00f5es saud\u00e1veis (atrav\u00e9s da bondade e da empatia);<\/li>\n<li>Objetivos e autoestima.<\/li>\n<\/ol>\n<p>Inclui ainda 50 exerc\u00edcios e recursos desenhados para a educa\u00e7\u00e3o pr\u00e9-escolar, para apoiar o desenvolvimento das caracter\u00edsticas mencionadas nas crian\u00e7as.<\/p>\n<p>    <a class=\"uk-button uk-button-secondary\" href=\"https:\/\/resilientpreschools.eu\/wp-content\/uploads\/2023\/01\/IO2_A.2.2.ResilientPreschools_Teacher_s_Guide_Final_PT.pdf\" target=\"_blank\">Guia para Educadores: Atividades<\/a><\/div>\n<\/li>\n<li>\n<h3>IO3: Plataforma eLearning e de Recursos Educativos.<\/h3>\n<div>\n<p>Este resultado do projeto inclui o desenvolvimento da plataforma online de aprendizagem. Este espa\u00e7o online ser\u00e1 de acesso gratuito e permitir\u00e1 aceder a recursos de aprendizagem digitais, tais como os m\u00f3dulos do programa de forma\u00e7\u00e3o, a toolkit e outros materiais educativos (por exemplo, podcasts).<\/p>\n<p>O programa de forma\u00e7\u00e3o contempla sess\u00f5es presenciais e virtuais, fazendo uso desta plataforma e-learning para disponibilizar os recursos de aprendizagem. Desta forma, o mesmo programa de forma\u00e7\u00e3o poder\u00e1 ser implementado futuramente por outras entidades Europeias e continuamente explorado pelos educadores Europeus.<\/p>\n<p>A plataforma incluir\u00e1 op\u00e7\u00f5es de liga\u00e7\u00e3o a redes sociais para poss\u00edvel partilha e, assim, aumentar as oportunidades de aprendizagem e dissemina\u00e7\u00e3o dos recursos online. Os recursos ser\u00e3o disponibilizados de forma interativa, aumentando o envolvimento dos usu\u00e1rios.<\/p>\n<\/div>\n<\/li>\n<\/ul>\n<p><!--more--><br \/>\n<!-- {\"type\":\"layout\",\"children\":[{\"type\":\"section\",\"props\":{\"class\":\"display1100\",\"css\":\".el-section{background-color:#FCEFD9;}\",\"image_position\":\"center-center\",\"style\":\"default\",\"title_breakpoint\":\"xl\",\"title_position\":\"top-left\",\"title_rotation\":\"left\",\"vertical_align\":\"middle\",\"width\":\"default\"},\"children\":[{\"type\":\"row\",\"children\":[{\"type\":\"column\",\"props\":{\"image_position\":\"center-center\",\"media_overlay_gradient\":\"\",\"position_sticky_breakpoint\":\"m\"},\"children\":[{\"type\":\"headline\",\"props\":{\"class\":\"font-jet extra-bold\",\"content\":\"OUTPUTS\",\"css\":\".el-element{letter-spacing:0 !important;}\",\"title_element\":\"h1\",\"title_style\":\"h3\"},\"modified\":\"2021-03-22T06:14:31.958Z\",\"name\":\"headers\"},{\"type\":\"switcher\",\"props\":{\"content_column_breakpoint\":\"m\",\"css\":\"@media only screen and (min-width:769px) {.el-nav li {transition:all .5s ease-in; width:30.6%;color:#000 !important;background-color:#EFEFF0;padding-top:10px;padding-bottom:10px;border-bottom:0px solid !important;border-color:transparent !important;}\\n\\n.uk-tab > li > a {\\n    color: #2d2e33;\\n    border-color: transparent;\\n}\\n\\n.el-nav li:nth-child(1){margin-left:18px;}\\n\\n.el-nav li:nth-child(2) {margin-left:10px;margin-right:10px;}\\n.el-nav{margin-bottom:0px;}\\n\\n.el-nav .uk-active, .el-nav li:hover{background-color:#FFD469;}\\n\\n.el-content{background-color:#fff;padding:20px;}\\n\\n}\\n@media only screen and (max-width:768px){\\n.uk-tab > * > a{font-family: Roboto;font-weight: bold;text-transform:inherit;font-size: 12px;}\\n    .el-nav .uk-active{background-color:#FFD469}\\n    .uk-tab {display:block !important;}\\n}\\n\\n.uk-tab > * > a {text-transform:inherit;font-size:15px;}\",\"image_align\":\"top\",\"image_grid_breakpoint\":\"m\",\"image_grid_width\":\"1-2\",\"image_svg_color\":\"emphasis\",\"link_style\":\"default\",\"link_text\":\"Read more\",\"margin\":\"default\",\"meta_align\":\"below-title\",\"meta_element\":\"div\",\"meta_style\":\"text-meta\",\"nav\":\"tab\",\"nav_align\":\"left\",\"nav_grid_breakpoint\":\"m\",\"nav_grid_width\":\"auto\",\"nav_position\":\"top\",\"show_content\":true,\"show_image\":true,\"show_label\":true,\"show_link\":true,\"show_meta\":true,\"show_thumbnail\":true,\"show_title\":false,\"switcher_animation\":\"fade\",\"switcher_height\":true,\"thumbnav_height\":\"75\",\"thumbnav_svg_color\":\"emphasis\",\"thumbnav_width\":\"100\",\"title_align\":\"top\",\"title_element\":\"h3\",\"title_grid_breakpoint\":\"m\",\"title_grid_width\":\"1-2\"},\"children\":[{\"type\":\"switcher_item\",\"props\":{\"content\":\"\n\n<p>O toolkit RESILIENT PRESCHOOLS inclui informa\\u00e7\\u00e3o e pr\\u00e1ticas para os educadores de educa\\u00e7\\u00e3o pr\\u00e9-escolar implementarem em aula com as crian\\u00e7as e promoverem o desenvolvimento de crian\\u00e7as mais resilientes. Este recurso pretende dar a conhecer conceitos de Psicologia Positiva e do modelo PERMA, sendo especificamente desenhado para a educa\\u00e7\\u00e3o pr\\u00e9-escolar. Assim, os cinco pilares do modelo PERMA ser\\u00e3o explorados neste recurso, nomeadamente as Emo\\u00e7\\u00f5es Positivas (Positive Emotions), o Envolvimento (Engagement), os Relacionamentos (Relationships), o Sentido (Meaning) e a Realiza\\u00e7\\u00e3o (Accomplishment).<\\\/p>\\n\n\n<p><strong>Cada pilar deste modelo, inclui:<\\\/strong><\\\/p>\\n\n\n<ul>\\n\n\n<li>Conceitos-chave<\\\/li>\\n\n\n<li>Dicas pr\\u00e1ticas\\n<\\\/li>\\n\n\n<li>Orienta\\u00e7\\u00f5es adicionais para a pr\\u00e1tica educativa<\\\/li>\\n\n\n<li>Recursos adicionais dedicados ao bem-estar e resili\\u00eancia na educa\\u00e7\\u00e3o pr\\u00e9-escolar\\n<\\\/li>\\n<\\\/ul>\\n\\n<a class=\\\"uk-button uk-button-secondary\\\" href=\\\"https:\\\/\\\/resilientpreschools.eu\\\/wp-content\\\/uploads\\\/2021\\\/08\\\/RESILIENT-PRESCHOOLS_Toolkit_PT.pdf\\\" target=\\\"_blank\\\">IO1.A2.3 Toolkit<\\\/a>\",\"title\":\"IO1 Toolkit para educadores de educa\\u00e7\\u00e3o pr\\u00e9-escolar apoiarem o desenvolvimento de crian\\u00e7as mais resilientes.\"}},{\"type\":\"switcher_item\",\"props\":{\"content\":\"\n\n<ol>\\n\n\n<p>Este programa de forma\\u00e7\\u00e3o ser\\u00e1 disponibilizado para capacitar educadores de educa\\u00e7\\u00e3o pr\\u00e9-escolar com estas compet\\u00eancias, atrav\\u00e9s de estrat\\u00e9gias e t\\u00e9cnicas.\\nO modelo PERMA, bem como as teorias inerentes, visam melhorar o bem-estar das crian\\u00e7as e a sua experi\\u00eancia em contexto escolar.\\n\\n<\\\/p>\\n\n\n<p>Assim, este programa incluir\\u00e1 5 m\\u00f3dulos principais:\\n<\\\/p>\\n\n\n<ol>\\n\n\n<li>Resili\\u00eancia e mindfulness (autorregula\\u00e7\\u00e3o, destreza mental);\\n<\\\/li>\\n\n\n<li>For\\u00e7a de car\\u00e1cter e valores;\\n<\\\/li>\\n\n\n<li>Emo\\u00e7\\u00f5es positivas (como a gratid\\u00e3o, o otimismo);<\\\/li>\\n\n\n<li>Rela\\u00e7\\u00f5es saud\\u00e1veis (atrav\\u00e9s da bondade e da empatia);<\\\/li>\\n\n\n<li>Objetivos e autoestima.<\\\/li>\\n<\\\/ol>\\n\n\n<p>Inclui ainda 50 exerc\\u00edcios e recursos desenhados para a educa\\u00e7\\u00e3o pr\\u00e9-escolar, para apoiar o desenvolvimento das caracter\\u00edsticas mencionadas nas crian\\u00e7as.\\n\\n<\\\/p>\\n    <a class=\\\"uk-button uk-button-secondary\\\" href=\\\"https:\\\/\\\/resilientpreschools.eu\\\/wp-content\\\/uploads\\\/2023\\\/01\\\/IO2_A.2.2.ResilientPreschools_Teacher_s_Guide_Final_PT.pdf\\\" target=\\\"_blank\\\">Guia para Educadores: Atividades<\\\/a>\",\"title\":\"IO2: Programa de forma\\u00e7\\u00e3o para apoiar os educadores de educa\\u00e7\\u00e3o pr\\u00e9-escolar no desenvolvimento da resili\\u00eancia e do bem-estar.\"}},{\"type\":\"switcher_item\",\"props\":{\"content\":\"\n\n<p>Este resultado do projeto inclui o desenvolvimento da plataforma online de aprendizagem. Este espa\\u00e7o online ser\\u00e1 de acesso gratuito e permitir\\u00e1 aceder a recursos de aprendizagem digitais, tais como os m\\u00f3dulos do programa de forma\\u00e7\\u00e3o, a toolkit e outros materiais educativos (por exemplo, podcasts).<\\\/p>\\n\n\n<p>O programa de forma\\u00e7\\u00e3o contempla sess\\u00f5es presenciais e virtuais, fazendo uso desta plataforma e-learning para disponibilizar os recursos de aprendizagem. Desta forma, o mesmo programa de forma\\u00e7\\u00e3o poder\\u00e1 ser implementado futuramente por outras entidades Europeias e continuamente explorado pelos educadores Europeus.\\n \\n<\\\/p>\n\n<p>A plataforma incluir\\u00e1 op\\u00e7\\u00f5es de liga\\u00e7\\u00e3o a redes sociais para poss\\u00edvel partilha e, assim, aumentar as oportunidades de aprendizagem e dissemina\\u00e7\\u00e3o dos recursos online. Os recursos ser\\u00e3o disponibilizados de forma interativa, aumentando o envolvimento dos usu\\u00e1rios.<\\\/p>\",\"title\":\"IO3: Plataforma eLearning e de Recursos Educativos.\"}}]}]}]}],\"name\":\"outputs pt\"}],\"version\":\"3.0.14\"} --><\/p>\n","protected":false},"excerpt":{"rendered":"<p>OUTPUTS IO1 Toolkit para educadores de educa\u00e7\u00e3o pr\u00e9-escolar apoiarem o desenvolvimento de crian\u00e7as mais resilientes. O toolkit RESILIENT PRESCHOOLS inclui informa\u00e7\u00e3o e pr\u00e1ticas para os..<\/p>\n","protected":false},"author":4,"featured_media":0,"parent":0,"menu_order":0,"comment_status":"closed","ping_status":"closed","template":"","meta":{"_acf_changed":false,"footnotes":""},"class_list":["post-2806","page","type-page","status-publish","hentry"],"acf":[],"_links":{"self":[{"href":"https:\/\/resilientpreschools.eu\/pt-pt\/wp-json\/wp\/v2\/pages\/2806","targetHints":{"allow":["GET"]}}],"collection":[{"href":"https:\/\/resilientpreschools.eu\/pt-pt\/wp-json\/wp\/v2\/pages"}],"about":[{"href":"https:\/\/resilientpreschools.eu\/pt-pt\/wp-json\/wp\/v2\/types\/page"}],"author":[{"embeddable":true,"href":"https:\/\/resilientpreschools.eu\/pt-pt\/wp-json\/wp\/v2\/users\/4"}],"replies":[{"embeddable":true,"href":"https:\/\/resilientpreschools.eu\/pt-pt\/wp-json\/wp\/v2\/comments?post=2806"}],"version-history":[{"count":4,"href":"https:\/\/resilientpreschools.eu\/pt-pt\/wp-json\/wp\/v2\/pages\/2806\/revisions"}],"predecessor-version":[{"id":2835,"href":"https:\/\/resilientpreschools.eu\/pt-pt\/wp-json\/wp\/v2\/pages\/2806\/revisions\/2835"}],"wp:attachment":[{"href":"https:\/\/resilientpreschools.eu\/pt-pt\/wp-json\/wp\/v2\/media?parent=2806"}],"curies":[{"name":"wp","href":"https:\/\/api.w.org\/{rel}","templated":true}]}}