{"id":2807,"date":"2023-01-27T13:16:40","date_gmt":"2023-01-27T13:16:40","guid":{"rendered":"https:\/\/resilientpreschools.eu\/outputs\/"},"modified":"2023-01-27T13:45:02","modified_gmt":"2023-01-27T13:45:02","slug":"outputs","status":"publish","type":"page","link":"https:\/\/resilientpreschools.eu\/ro\/outputs\/","title":{"rendered":"Outputs"},"content":{"rendered":"<h1>OUTPUTS<\/h1>\n<ul>\n<li>\n<h3>IO1: Set de instrumente pentru profesorii din \u00eenv\u0103\u021b\u0103m\u00e2ntul pre\u0219colar care vizeaz\u0103 cultivarea rezilien\u021bei \u0219i a tr\u0103s\u0103turilor pozitive de caracter ale pre\u0219colarilor.<\/h3>\n<div>\n<p>Setul de instrumente REZILIEN\u021aA \u00ceN \u00ceNV\u0102\u021a\u0102M NTUL PRE\u0218COLAR va include informa\u021bii utile \u0219i aplica\u021bii practice pentru profesorii din \u00eenv\u0103\u021b\u0103m\u00e2ntul pre\u0219colar, cu scopul de a-i \u00eenv\u0103\u021ba pe copii cum s\u0103-\u0219i consolideze rezilien\u021ba psihologic\u0103 \u0219i s\u0103-\u0219i dezvolte bun\u0103starea general\u0103. Setul de instrumente se va baza pe nevoile lor \u0219i va oferi o varia\u021bie a conceptelor de psihologie pozitiv\u0103 \u0219i a modelului de bun\u0103stare PERMA, special conceput pentru elevii pre\u0219colari. Acesta va consta \u00eentr-un capitol pentru fiecare dintre cei 5 piloni de baz\u0103 ai bun\u0103st\u0103rii \u0219i fericirii PERMA: (P) Emo\u021bii pozitive, (E) Angajament, (R) Rela\u021bii, (M) Sens, (A) Realizare\n<\/p>\n<p><strong>Acest set de instrumente va con\u021bine:<\/strong><\/p>\n<ul>\n<li>Sfaturi practice<\/li>\n<li>Rezumate ale conceptelor cheie<\/li>\n<li>Ghiduri didactice \u0219i de sprijin<\/li>\n<li>Material care abordeaz\u0103 bun\u0103starea \u0219i rezilien\u021ba \u00een educa\u021bie<\/li>\n<\/ul>\n<p><a class=\"uk-button uk-button-secondary\" href=\"https:\/\/resilientpreschools.eu\/wp-content\/uploads\/2021\/08\/RESILIENT-PRESCHOOLS_Toolkit_Parts-for-Translation_RO.docx\" target=\"_blank\">IO1.A2.3 Toolkit<\/a><\/div>\n<\/li>\n<li>\n<h3>IO2: Pachet de instruire pentru \u00eembun\u0103t\u0103\u021birea abilit\u0103\u021bilor profesorilor din \u00eenv\u0103\u021b\u0103m\u00e2ntul pre\u0219colar cu privire la modul de a stimula rezilien\u021ba \u0219i bun\u0103starea elevilor<\/h3>\n<div>\n<p>Un pachet de formare atractiv care va \u00eenzestra cadrele didactice din \u00eenv\u0103\u021b\u0103m\u00e2ntul pre\u0219colar participante cu abilit\u0103\u021bi, strategii \u0219i tehnici care deriv\u0103 din<\/p>\n<p>modelul PERMA de bun\u0103stare \u0219i din teoriile Educa\u021biei Personajelor, cu scopul de a spori bun\u0103starea general\u0103 a elevilor \u0219i experien\u021ba \u0219colar\u0103.\n<\/p>\n<p>Pachetul de instruire va fi \u00eemp\u0103r\u021bit \u00een 5 module de baz\u0103:\n<\/p>\n<ol>\n<li>Rezilien\u021b\u0103 \u0219i aten\u021bie (autoreglare, agilitate mental\u0103)<\/li>\n<li>Puncte tari de caracter \u0219i valori<\/li>\n<li>Emo\u021bii pozitive (de exemplu, recuno\u0219tin\u021b\u0103, optimism)<\/li>\n<li>Rela\u021bii pozitive (de exemplu, bun\u0103tate, empatie)<\/li>\n<li>Realizare \u0219i stim\u0103 de sine<\/li>\n<\/ol>\n<p>Va include 50 de exerci\u021bii \/ resurse u\u0219or de f\u0103cut \u0219i adaptate \u00eenv\u0103\u021b\u0103m\u00e2ntului pre\u0219colar care vizeaz\u0103 \u00eembun\u0103t\u0103\u021birea caracteristicilor men\u021bionate mai sus. Va oferi o varietate de strategii \u0219i resurse care ar putea fi de ajutor persoanelor cu nevoi diverse.\n<\/p>\n<p><a class=\"uk-button uk-button-secondary\" href=\"https:\/\/resilientpreschools.eu\/wp-content\/uploads\/2023\/01\/IO2_A.2.2.ResilientPreschools_Teachers_Guide_RO.pdf\" target=\"_blank\">Ghidul profesorului: Activit\u0103\u021bi<\/a><\/div>\n<\/li>\n<li>\n<h3>IO3 : Spa\u021biu de eLearning \u0219i Resurse Educa\u021bionale Deschise<\/h3>\n<div>\n<p>Acest produs intelectual va cuprinde dezvoltarea unui spa\u021biu de eLearning. Acest spa\u021biu se va comporta asemenea unui magazin care ofer\u0103 acces instant la o \u00eentreag\u0103 colec\u021bie de resurse digitale de \u00eenv\u0103\u021bare, precum: module online, set de instrumente, materiale de formare, podcasturi \u0219i alte resurse educa\u021bionale deschise, care pot fi identificate ca fiind utile fazei de preg\u0103tire a primelor dou\u0103 produse intelectuale<\/p>\n<p>Vor fi dezvoltate module de \u00eenv\u0103\u021bare mixt\u0103 \u0219i resurse educa\u021bionale deschise care s\u0103 sprijine, printre altele, furnizarea materialului de formare, a setului de instrumente \u0219i a materialelor pentru atelierele de formare dedicate profesorilor din \u00eenv\u0103\u021b\u0103m\u00e2ntul pre\u0219colar \u0219i altor p\u0103r\u021bi interesante. Cursurile \u0219i atelierele de formare din faza de implementare vor fi oferite sub forma unui program mixt de \u00eenv\u0103\u021bare. Parte dintre resurse vor avea format mixt \u0219i de eLearning, pentru a putea fi implementate \u00een \u021b\u0103rile partenere \u0219i \u00een Uniunea European\u0103.<\/p>\n<p>Inova\u021bie \u2013 acest produs intelectual va fi pe deplin compatibil cu tehnologia 2.0 \u0219i va include toate caracteristicile esen\u021biale \u0219i  standard ale social media, care, \u00een prezent, sunt parte esen\u021bial\u0103 a \u00eenv\u0103\u021b\u0103rii online (precum linkuri c\u0103tre pagini relevante de social media. Formatul resurselor de \u00eenv\u0103\u021bare digitale gamificate va sprijini formarea continu\u0103, ceea ce reprezint\u0103 o inova\u021bie \u00een domeniul \u0218tiin\u021belor Educa\u021biei.<\/p>\n<\/div>\n<\/li>\n<\/ul>\n<p><!--more--><br \/>\n<!-- {\"type\":\"layout\",\"children\":[{\"type\":\"section\",\"props\":{\"class\":\"display1100\",\"css\":\".el-section{background-color:#FCEFD9;}\",\"image_position\":\"center-center\",\"style\":\"default\",\"title_breakpoint\":\"xl\",\"title_position\":\"top-left\",\"title_rotation\":\"left\",\"vertical_align\":\"middle\",\"width\":\"default\"},\"children\":[{\"type\":\"row\",\"children\":[{\"type\":\"column\",\"props\":{\"image_position\":\"center-center\",\"media_overlay_gradient\":\"\",\"position_sticky_breakpoint\":\"m\"},\"children\":[{\"type\":\"headline\",\"props\":{\"class\":\"font-jet extra-bold\",\"content\":\"OUTPUTS\",\"css\":\".el-element{letter-spacing:0 !important;}\",\"title_element\":\"h1\",\"title_style\":\"h3\"},\"modified\":\"2021-03-22T06:14:31.958Z\",\"name\":\"headers\"},{\"type\":\"switcher\",\"props\":{\"content_column_breakpoint\":\"m\",\"css\":\"@media only screen and (min-width:769px) {.el-nav li {transition:all .5s ease-in; width:30.6%;color:#000 !important;background-color:#EFEFF0;padding-top:10px;padding-bottom:10px;border-bottom:0px solid !important;border-color:transparent !important;}\\n\\n.uk-tab > li > a {\\n    color: #2d2e33;\\n    border-color: transparent;\\n}\\n\\n.el-nav li:nth-child(1){margin-left:18px;}\\n\\n.el-nav li:nth-child(2) {margin-left:10px;margin-right:10px;}\\n.el-nav{margin-bottom:0px;}\\n\\n.el-nav .uk-active, .el-nav li:hover{background-color:#FFD469;}\\n\\n.el-content{background-color:#fff;padding:20px;}\\n\\n}\\n@media only screen and (max-width:768px){\\n.uk-tab > * > a{font-family: Roboto;font-weight: bold;text-transform:inherit;font-size: 12px;}\\n    .el-nav .uk-active{background-color:#FFD469}\\n    .uk-tab {display:block !important;}\\n}\\n\\n.uk-tab > * > a {text-transform:inherit;font-size:15px;}\",\"image_align\":\"top\",\"image_grid_breakpoint\":\"m\",\"image_grid_width\":\"1-2\",\"image_svg_color\":\"emphasis\",\"link_style\":\"default\",\"link_text\":\"Read more\",\"margin\":\"default\",\"meta_align\":\"below-title\",\"meta_element\":\"div\",\"meta_style\":\"text-meta\",\"nav\":\"tab\",\"nav_align\":\"left\",\"nav_grid_breakpoint\":\"m\",\"nav_grid_width\":\"auto\",\"nav_position\":\"top\",\"show_content\":true,\"show_image\":true,\"show_label\":true,\"show_link\":true,\"show_meta\":true,\"show_thumbnail\":true,\"show_title\":false,\"switcher_animation\":\"fade\",\"switcher_height\":true,\"thumbnav_height\":\"75\",\"thumbnav_svg_color\":\"emphasis\",\"thumbnav_width\":\"100\",\"title_align\":\"top\",\"title_element\":\"h3\",\"title_grid_breakpoint\":\"m\",\"title_grid_width\":\"1-2\"},\"children\":[{\"type\":\"switcher_item\",\"props\":{\"content\":\"\n\n<p>Setul de instrumente REZILIEN\\u021aA \\u00ceN \\u00ceNV\\u0102\\u021a\\u0102M NTUL PRE\\u0218COLAR va include informa\\u021bii utile \\u0219i aplica\\u021bii practice pentru profesorii din \\u00eenv\\u0103\\u021b\\u0103m\\u00e2ntul pre\\u0219colar, cu scopul de a-i \\u00eenv\\u0103\\u021ba pe copii cum s\\u0103-\\u0219i consolideze rezilien\\u021ba psihologic\\u0103 \\u0219i s\\u0103-\\u0219i dezvolte bun\\u0103starea general\\u0103. Setul de instrumente se va baza pe nevoile lor \\u0219i va oferi o varia\\u021bie a conceptelor de psihologie pozitiv\\u0103 \\u0219i a modelului de bun\\u0103stare PERMA, special conceput pentru elevii pre\\u0219colari. Acesta va consta \\u00eentr-un capitol pentru fiecare dintre cei 5 piloni de baz\\u0103 ai bun\\u0103st\\u0103rii \\u0219i fericirii PERMA: (P) Emo\\u021bii pozitive, (E) Angajament, (R) Rela\\u021bii, (M) Sens, (A) Realizare\\n<\\\/p>\\n\n\n<p><strong>Acest set de instrumente va con\\u021bine:<\\\/strong><\\\/p>\\n\n\n<ul>\\n\n\n<li>Sfaturi practice<\\\/li>\\n\n\n<li>Rezumate ale conceptelor cheie<\\\/li>\\n\n\n<li>Ghiduri didactice \\u0219i de sprijin<\\\/li>\\n\n\n<li>Material care abordeaz\\u0103 bun\\u0103starea \\u0219i rezilien\\u021ba \\u00een educa\\u021bie<\\\/li>\\n<\\\/ul>\\n\\n<a class=\\\"uk-button uk-button-secondary\\\" href=\\\"https:\\\/\\\/resilientpreschools.eu\\\/wp-content\\\/uploads\\\/2021\\\/08\\\/RESILIENT-PRESCHOOLS_Toolkit_Parts-for-Translation_RO.docx\\\" target=\\\"_blank\\\">IO1.A2.3 Toolkit<\\\/a>\",\"title\":\"IO1: Set de instrumente pentru profesorii din \\u00eenv\\u0103\\u021b\\u0103m\\u00e2ntul pre\\u0219colar care vizeaz\\u0103 cultivarea rezilien\\u021bei \\u0219i a tr\\u0103s\\u0103turilor pozitive de caracter ale pre\\u0219colarilor.\"}},{\"type\":\"switcher_item\",\"props\":{\"content\":\"\\n\n\n<p>Un pachet de formare atractiv care va \\u00eenzestra cadrele didactice din \\u00eenv\\u0103\\u021b\\u0103m\\u00e2ntul pre\\u0219colar participante cu abilit\\u0103\\u021bi, strategii \\u0219i tehnici care deriv\\u0103 din<\\\/p>\\n\n\n<p>modelul PERMA de bun\\u0103stare \\u0219i din teoriile Educa\\u021biei Personajelor, cu scopul de a spori bun\\u0103starea general\\u0103 a elevilor \\u0219i experien\\u021ba \\u0219colar\\u0103.\\n<\\\/p>\\n\\n\n\n<p>Pachetul de instruire va fi \\u00eemp\\u0103r\\u021bit \\u00een 5 module de baz\\u0103:\\n<\\\/p>\\n\n\n<ol>\\n\n\n<li>Rezilien\\u021b\\u0103 \\u0219i aten\\u021bie (autoreglare, agilitate mental\\u0103)<\\\/li>\\n\n\n<li>Puncte tari de caracter \\u0219i valori<\\\/li>\\n\n\n<li>Emo\\u021bii pozitive (de exemplu, recuno\\u0219tin\\u021b\\u0103, optimism)<\\\/li>\\n\n\n<li>Rela\\u021bii pozitive (de exemplu, bun\\u0103tate, empatie)<\\\/li>\\n\n\n<li>Realizare \\u0219i stim\\u0103 de sine<\\\/li>\\n<\\\/ol>\\n\n\n<p>Va include 50 de exerci\\u021bii \\\/ resurse u\\u0219or de f\\u0103cut \\u0219i adaptate \\u00eenv\\u0103\\u021b\\u0103m\\u00e2ntului pre\\u0219colar care vizeaz\\u0103 \\u00eembun\\u0103t\\u0103\\u021birea caracteristicilor men\\u021bionate mai sus. Va oferi o varietate de strategii \\u0219i resurse care ar putea fi de ajutor persoanelor cu nevoi diverse.\\n<\\\/p>\\n<a class=\\\"uk-button uk-button-secondary\\\" href=\\\"https:\\\/\\\/resilientpreschools.eu\\\/wp-content\\\/uploads\\\/2023\\\/01\\\/IO2_A.2.2.ResilientPreschools_Teachers_Guide_RO.pdf\\\" target=\\\"_blank\\\">Ghidul profesorului: Activit\\u0103\\u021bi<\\\/a>\",\"title\":\"IO2: Pachet de instruire pentru \\u00eembun\\u0103t\\u0103\\u021birea abilit\\u0103\\u021bilor profesorilor din \\u00eenv\\u0103\\u021b\\u0103m\\u00e2ntul pre\\u0219colar cu privire la modul de a stimula rezilien\\u021ba \\u0219i bun\\u0103starea elevilor\"}},{\"type\":\"switcher_item\",\"props\":{\"content\":\"\n\n<p>Acest produs intelectual va cuprinde dezvoltarea unui spa\\u021biu de eLearning. Acest spa\\u021biu se va comporta asemenea unui magazin care ofer\\u0103 acces instant la o \\u00eentreag\\u0103 colec\\u021bie de resurse digitale de \\u00eenv\\u0103\\u021bare, precum: module online, set de instrumente, materiale de formare, podcasturi \\u0219i alte resurse educa\\u021bionale deschise, care pot fi identificate ca fiind utile fazei de preg\\u0103tire a primelor dou\\u0103 produse intelectuale<\\\/p>\\n\n\n<p>Vor fi dezvoltate module de \\u00eenv\\u0103\\u021bare mixt\\u0103 \\u0219i resurse educa\\u021bionale deschise care s\\u0103 sprijine, printre altele, furnizarea materialului de formare, a setului de instrumente \\u0219i a materialelor pentru atelierele de formare dedicate profesorilor din \\u00eenv\\u0103\\u021b\\u0103m\\u00e2ntul pre\\u0219colar \\u0219i altor p\\u0103r\\u021bi interesante. Cursurile \\u0219i atelierele de formare din faza de implementare vor fi oferite sub forma unui program mixt de \\u00eenv\\u0103\\u021bare. Parte dintre resurse vor avea format mixt \\u0219i de eLearning, pentru a putea fi implementate \\u00een \\u021b\\u0103rile partenere \\u0219i \\u00een Uniunea European\\u0103.<\\\/p>\\n\n\n<p>Inova\\u021bie \\u2013 acest produs intelectual va fi pe deplin compatibil cu tehnologia 2.0 \\u0219i va include toate caracteristicile esen\\u021biale \\u0219i  standard ale social media, care, \\u00een prezent, sunt parte esen\\u021bial\\u0103 a \\u00eenv\\u0103\\u021b\\u0103rii online (precum linkuri c\\u0103tre pagini relevante de social media. Formatul resurselor de \\u00eenv\\u0103\\u021bare digitale gamificate va sprijini formarea continu\\u0103, ceea ce reprezint\\u0103 o inova\\u021bie \\u00een domeniul \\u0218tiin\\u021belor Educa\\u021biei.<\\\/p>\",\"title\":\"IO3 : Spa\\u021biu de eLearning \\u0219i Resurse Educa\\u021bionale Deschise\"}}]}]}]}],\"name\":\"outputs ro\"}],\"version\":\"3.0.14\"} --><\/p>\n","protected":false},"excerpt":{"rendered":"<p>OUTPUTS IO1: Set de instrumente pentru profesorii din \u00eenv\u0103\u021b\u0103m\u00e2ntul pre\u0219colar care vizeaz\u0103 cultivarea rezilien\u021bei \u0219i a tr\u0103s\u0103turilor pozitive de caracter ale pre\u0219colarilor. Setul de instrumente..<\/p>\n","protected":false},"author":4,"featured_media":0,"parent":0,"menu_order":0,"comment_status":"closed","ping_status":"closed","template":"","meta":{"_acf_changed":false,"footnotes":""},"class_list":["post-2807","page","type-page","status-publish","hentry"],"acf":[],"_links":{"self":[{"href":"https:\/\/resilientpreschools.eu\/ro\/wp-json\/wp\/v2\/pages\/2807","targetHints":{"allow":["GET"]}}],"collection":[{"href":"https:\/\/resilientpreschools.eu\/ro\/wp-json\/wp\/v2\/pages"}],"about":[{"href":"https:\/\/resilientpreschools.eu\/ro\/wp-json\/wp\/v2\/types\/page"}],"author":[{"embeddable":true,"href":"https:\/\/resilientpreschools.eu\/ro\/wp-json\/wp\/v2\/users\/4"}],"replies":[{"embeddable":true,"href":"https:\/\/resilientpreschools.eu\/ro\/wp-json\/wp\/v2\/comments?post=2807"}],"version-history":[{"count":3,"href":"https:\/\/resilientpreschools.eu\/ro\/wp-json\/wp\/v2\/pages\/2807\/revisions"}],"predecessor-version":[{"id":2833,"href":"https:\/\/resilientpreschools.eu\/ro\/wp-json\/wp\/v2\/pages\/2807\/revisions\/2833"}],"wp:attachment":[{"href":"https:\/\/resilientpreschools.eu\/ro\/wp-json\/wp\/v2\/media?parent=2807"}],"curies":[{"name":"wp","href":"https:\/\/api.w.org\/{rel}","templated":true}]}}